{"id":539,"date":"2025-12-17T10:37:17","date_gmt":"2025-12-17T10:37:17","guid":{"rendered":"https:\/\/sserrano.santcugatesn.com\/?page_id=539"},"modified":"2025-12-25T17:08:34","modified_gmt":"2025-12-25T17:08:34","slug":"contacto","status":"publish","type":"page","link":"https:\/\/sserrano.santcugatesn.com\/index.php\/contacto\/","title":{"rendered":"Contacto"},"content":{"rendered":"\t\t<div data-elementor-type=\"wp-page\" data-elementor-id=\"539\" class=\"elementor elementor-539\" data-elementor-post-type=\"page\">\n\t\t\t\t\t\t<section class=\"elementor-section elementor-top-section elementor-element elementor-element-3c205f70 elementor-section-boxed elementor-section-height-default elementor-section-height-default\" data-id=\"3c205f70\" data-element_type=\"section\" data-settings=\"{&quot;background_background&quot;:&quot;classic&quot;}\">\n\t\t\t\t\t\t<div class=\"elementor-container elementor-column-gap-default\">\n\t\t\t\t\t<div class=\"elementor-column elementor-col-100 elementor-top-column elementor-element elementor-element-56dc214\" data-id=\"56dc214\" data-element_type=\"column\">\n\t\t\t<div class=\"elementor-widget-wrap\">\n\t\t\t\t\t\t\t<\/div>\n\t\t<\/div>\n\t\t\t\t\t<\/div>\n\t\t<\/section>\n\t\t<div class=\"elementor-element elementor-element-9e70e49 e-flex e-con-boxed e-con e-parent\" data-id=\"9e70e49\" data-element_type=\"container\">\n\t\t\t\t\t<div class=\"e-con-inner\">\n\t\t\t\t<div class=\"elementor-element elementor-element-7e6fcc7 elementor-widget elementor-widget-heading\" data-id=\"7e6fcc7\" data-element_type=\"widget\" data-widget_type=\"heading.default\">\n\t\t\t\t\t<h3 class=\"elementor-heading-title elementor-size-default\">Contacto<\/h3>\t\t\t\t<\/div>\n\t\t\t\t\t<\/div>\n\t\t\t\t<\/div>\n\t\t\t\t<section class=\"elementor-section elementor-top-section elementor-element elementor-element-50faa48 elementor-section-boxed elementor-section-height-default elementor-section-height-default\" data-id=\"50faa48\" data-element_type=\"section\">\n\t\t\t\t\t\t<div class=\"elementor-container elementor-column-gap-default\">\n\t\t\t\t\t<div class=\"elementor-column elementor-col-100 elementor-top-column elementor-element elementor-element-751b9060\" data-id=\"751b9060\" data-element_type=\"column\">\n\t\t\t<div class=\"elementor-widget-wrap elementor-element-populated\">\n\t\t\t\t\t\t<div class=\"elementor-element elementor-element-6a67cdb1 elementor-widget elementor-widget-google_maps\" data-id=\"6a67cdb1\" data-element_type=\"widget\" data-widget_type=\"google_maps.default\">\n\t\t\t\t\t\t\t<div class=\"elementor-custom-embed\">\n\t\t\t<iframe loading=\"lazy\"\n\t\t\t\t\tsrc=\"https:\/\/maps.google.com\/maps?q=Calle%20Arnedo%2C%2026%2C%2003206%20Elche%2C%20Alicante&#038;t=m&#038;z=10&#038;output=embed&#038;iwloc=near\"\n\t\t\t\t\ttitle=\"Calle Arnedo, 26, 03206 Elche, Alicante\"\n\t\t\t\t\taria-label=\"Calle Arnedo, 26, 03206 Elche, Alicante\"\n\t\t\t><\/iframe>\n\t\t<\/div>\n\t\t\t\t\t\t<\/div>\n\t\t\t\t<section class=\"elementor-section elementor-inner-section elementor-element elementor-element-4e3d2573 elementor-section-full_width elementor-section-height-default elementor-section-height-default\" data-id=\"4e3d2573\" data-element_type=\"section\">\n\t\t\t\t\t\t<div class=\"elementor-container elementor-column-gap-default\">\n\t\t\t\t\t<div class=\"elementor-column elementor-col-33 elementor-inner-column elementor-element elementor-element-e72ef0b\" data-id=\"e72ef0b\" data-element_type=\"column\">\n\t\t\t<div class=\"elementor-widget-wrap elementor-element-populated\">\n\t\t\t\t\t\t<div class=\"elementor-element elementor-element-5a22d0e3 elementor-widget elementor-widget-heading\" data-id=\"5a22d0e3\" data-element_type=\"widget\" data-widget_type=\"heading.default\">\n\t\t\t\t\t<h4 class=\"elementor-heading-title elementor-size-default\">Nuestras Oficinas y Almac\u00e9n<\/h4>\t\t\t\t<\/div>\n\t\t\t\t<div class=\"elementor-element elementor-element-27a43281 elementor-widget elementor-widget-text-editor\" data-id=\"27a43281\" data-element_type=\"widget\" data-widget_type=\"text-editor.default\">\n\t\t\t\t\t\t\t\t\t<p>Calle Arnedo, 26, 03206 Elche, Alicante<\/p>\t\t\t\t\t\t\t\t<\/div>\n\t\t\t\t\t<\/div>\n\t\t<\/div>\n\t\t\t\t<div class=\"elementor-column elementor-col-33 elementor-inner-column elementor-element elementor-element-16bf315c\" data-id=\"16bf315c\" data-element_type=\"column\">\n\t\t\t<div class=\"elementor-widget-wrap elementor-element-populated\">\n\t\t\t\t\t\t<div class=\"elementor-element elementor-element-61fee7e4 elementor-widget elementor-widget-heading\" data-id=\"61fee7e4\" data-element_type=\"widget\" data-widget_type=\"heading.default\">\n\t\t\t\t\t<h4 class=\"elementor-heading-title elementor-size-default\">T\u00e9lefono atenci\u00f3n al cliente<\/h4>\t\t\t\t<\/div>\n\t\t\t\t<div class=\"elementor-element elementor-element-4a3b3796 elementor-widget elementor-widget-text-editor\" data-id=\"4a3b3796\" data-element_type=\"widget\" data-widget_type=\"text-editor.default\">\n\t\t\t\t\t\t\t\t\t<p>+34 634587126<\/p>\t\t\t\t\t\t\t\t<\/div>\n\t\t\t\t\t<\/div>\n\t\t<\/div>\n\t\t\t\t<div class=\"elementor-column elementor-col-33 elementor-inner-column elementor-element elementor-element-6b91b3a2\" data-id=\"6b91b3a2\" data-element_type=\"column\">\n\t\t\t<div class=\"elementor-widget-wrap elementor-element-populated\">\n\t\t\t\t\t\t<div class=\"elementor-element elementor-element-26c283d3 elementor-widget elementor-widget-heading\" data-id=\"26c283d3\" data-element_type=\"widget\" data-widget_type=\"heading.default\">\n\t\t\t\t\t<h4 class=\"elementor-heading-title elementor-size-default\">Email<\/h4>\t\t\t\t<\/div>\n\t\t\t\t<div class=\"elementor-element elementor-element-3548423b elementor-widget elementor-widget-text-editor\" data-id=\"3548423b\" data-element_type=\"widget\" data-widget_type=\"text-editor.default\">\n\t\t\t\t\t\t\t\t\t<p>contacto@sense4u.com<\/p>\t\t\t\t\t\t\t\t<\/div>\n\t\t\t\t\t<\/div>\n\t\t<\/div>\n\t\t\t\t\t<\/div>\n\t\t<\/section>\n\t\t\t\t\t<\/div>\n\t\t<\/div>\n\t\t\t\t\t<\/div>\n\t\t<\/section>\n\t\t\t\t<section class=\"elementor-section elementor-top-section elementor-element elementor-element-62ac703 elementor-section-boxed elementor-section-height-default elementor-section-height-default\" data-id=\"62ac703\" data-element_type=\"section\">\n\t\t\t\t\t\t<div class=\"elementor-container elementor-column-gap-default\">\n\t\t\t\t\t<div class=\"elementor-column elementor-col-100 elementor-top-column elementor-element elementor-element-67e7a566\" data-id=\"67e7a566\" data-element_type=\"column\">\n\t\t\t<div class=\"elementor-widget-wrap elementor-element-populated\">\n\t\t\t\t\t\t<div class=\"elementor-element elementor-element-6696c9b1 elementor-widget elementor-widget-heading\" data-id=\"6696c9b1\" data-element_type=\"widget\" data-widget_type=\"heading.default\">\n\t\t\t\t\t<h1 class=\"elementor-heading-title elementor-size-default\">sense4u<\/h1>\t\t\t\t<\/div>\n\t\t\t\t<div class=\"elementor-element elementor-element-3358668e elementor-widget elementor-widget-heading\" data-id=\"3358668e\" data-element_type=\"widget\" data-widget_type=\"heading.default\">\n\t\t\t\t\t<h3 class=\"elementor-heading-title elementor-size-default\">Formulario de contacto\n<\/h3>\t\t\t\t<\/div>\n\t\t\t\t<div class=\"elementor-element elementor-element-7e5ada60 elementor-button-align-center elementor-widget elementor-widget-form\" data-id=\"7e5ada60\" data-element_type=\"widget\" data-settings=\"{&quot;step_next_label&quot;:&quot;Next&quot;,&quot;step_previous_label&quot;:&quot;Previous&quot;,&quot;step_type&quot;:&quot;number_text&quot;,&quot;step_icon_shape&quot;:&quot;circle&quot;}\" data-widget_type=\"form.default\">\n\t\t\t\t\t\t\t<form class=\"elementor-form\" method=\"post\" name=\"New Form\" aria-label=\"New Form\">\n\t\t\t<input type=\"hidden\" name=\"post_id\" value=\"539\"\/>\n\t\t\t<input type=\"hidden\" name=\"form_id\" value=\"7e5ada60\"\/>\n\t\t\t<input type=\"hidden\" name=\"referer_title\" value=\"Contacto y Formulario para asistencia inmediata - Sense4U\" \/>\n\n\t\t\t\t\t\t\t<input type=\"hidden\" name=\"queried_id\" value=\"539\"\/>\n\t\t\t\n\t\t\t<div class=\"elementor-form-fields-wrapper elementor-labels-\">\n\t\t\t\t\t\t\t\t<div class=\"elementor-field-type-text elementor-field-group elementor-column elementor-field-group-name elementor-col-50 elementor-field-required\">\n\t\t\t\t\t\t\t\t\t\t\t\t<label for=\"form-field-name\" class=\"elementor-field-label elementor-screen-only\">\n\t\t\t\t\t\t\t\tTu nombre\t\t\t\t\t\t\t<\/label>\n\t\t\t\t\t\t\t\t\t\t\t\t\t\t<input size=\"1\" type=\"text\" name=\"form_fields[name]\" id=\"form-field-name\" class=\"elementor-field elementor-size-xl  elementor-field-textual\" placeholder=\"Tu nombre\" required=\"required\">\n\t\t\t\t\t\t\t\t\t\t\t<\/div>\n\t\t\t\t\t\t\t\t<div class=\"elementor-field-type-email elementor-field-group elementor-column elementor-field-group-email elementor-col-50 elementor-field-required\">\n\t\t\t\t\t\t\t\t\t\t\t\t<label for=\"form-field-email\" class=\"elementor-field-label elementor-screen-only\">\n\t\t\t\t\t\t\t\tEmail\t\t\t\t\t\t\t<\/label>\n\t\t\t\t\t\t\t\t\t\t\t\t\t\t<input size=\"1\" type=\"email\" name=\"form_fields[email]\" id=\"form-field-email\" class=\"elementor-field elementor-size-xl  elementor-field-textual\" placeholder=\"Correo El\u00e9ctronico\" required=\"required\">\n\t\t\t\t\t\t\t\t\t\t\t<\/div>\n\t\t\t\t\t\t\t\t<div class=\"elementor-field-type-textarea elementor-field-group elementor-column elementor-field-group-message elementor-col-100\">\n\t\t\t\t\t\t\t\t\t\t\t\t<label for=\"form-field-message\" class=\"elementor-field-label elementor-screen-only\">\n\t\t\t\t\t\t\t\tMessage\t\t\t\t\t\t\t<\/label>\n\t\t\t\t\t\t<textarea class=\"elementor-field-textual elementor-field  elementor-size-xl\" name=\"form_fields[message]\" id=\"form-field-message\" rows=\"5\" placeholder=\"Escribe aqu\u00ed\"><\/textarea>\t\t\t\t<\/div>\n\t\t\t\t\t\t\t\t<div class=\"elementor-field-group elementor-column elementor-field-type-submit elementor-col-100 e-form__buttons\">\n\t\t\t\t\t<button class=\"elementor-button elementor-size-xs\" type=\"submit\">\n\t\t\t\t\t\t<span class=\"elementor-button-content-wrapper\">\n\t\t\t\t\t\t\t\t\t\t\t\t\t\t\t\t\t\t\t\t\t\t<span class=\"elementor-button-text\">Env\u00edar formulario<\/span>\n\t\t\t\t\t\t\t\t\t\t\t\t\t<\/span>\n\t\t\t\t\t<\/button>\n\t\t\t\t<\/div>\n\t\t\t<\/div>\n\t\t<\/form>\n\t\t\t\t\t\t<\/div>\n\t\t\t\t\t<\/div>\n\t\t<\/div>\n\t\t\t\t\t<\/div>\n\t\t<\/section>\n\t\t\t\t<\/div>\n\t\t","protected":false},"excerpt":{"rendered":"<p>Contacto Nuestras Oficinas y Almac\u00e9n Calle Arnedo, 26, 03206 Elche, Alicante T\u00e9lefono atenci\u00f3n al cliente +34 634587126 Email contacto@sense4u.com sense4u Formulario de contacto<\/p>\n","protected":false},"author":1,"featured_media":0,"parent":0,"menu_order":0,"comment_status":"closed","ping_status":"closed","template":"elementor_header_footer","meta":{"_joinchat":[],"footnotes":""},"class_list":["post-539","page","type-page","status-publish","hentry"],"yoast_head":"<!-- This site is optimized with the Yoast SEO plugin v26.6 - https:\/\/yoast.com\/wordpress\/plugins\/seo\/ -->\n<title>Contacto y Formulario para asistencia inmediata - Sense4U<\/title>\n<meta name=\"description\" content=\"Contacta con nosotros f\u00e1cilmente a trav\u00e9s de nuestro formulario. Descubre nuestra informaci\u00f3n de contacto y formulario aqu\u00ed.\" \/>\n<meta name=\"robots\" content=\"index, follow, max-snippet:-1, max-image-preview:large, max-video-preview:-1\" \/>\n<link rel=\"canonical\" href=\"https:\/\/sserrano.santcugatesn.com\/index.php\/contacto\/\" \/>\n<meta property=\"og:locale\" content=\"es_ES\" \/>\n<meta property=\"og:type\" content=\"article\" \/>\n<meta property=\"og:title\" content=\"Contacto y Formulario para asistencia inmediata - Sense4U\" \/>\n<meta property=\"og:description\" content=\"Contacta con nosotros f\u00e1cilmente a trav\u00e9s de nuestro formulario. Descubre nuestra informaci\u00f3n de contacto y formulario aqu\u00ed.\" \/>\n<meta property=\"og:url\" content=\"https:\/\/sserrano.santcugatesn.com\/index.php\/contacto\/\" \/>\n<meta property=\"og:site_name\" content=\"Sense4U\" \/>\n<meta property=\"article:modified_time\" content=\"2025-12-25T17:08:34+00:00\" \/>\n<meta name=\"twitter:card\" content=\"summary_large_image\" \/>\n<meta name=\"twitter:label1\" content=\"Tiempo de lectura\" \/>\n\t<meta name=\"twitter:data1\" content=\"1 minuto\" \/>\n<script type=\"application\/ld+json\" class=\"yoast-schema-graph\">{\"@context\":\"https:\/\/schema.org\",\"@graph\":[{\"@type\":\"WebPage\",\"@id\":\"https:\/\/sserrano.santcugatesn.com\/index.php\/contacto\/\",\"url\":\"https:\/\/sserrano.santcugatesn.com\/index.php\/contacto\/\",\"name\":\"Contacto y Formulario para asistencia inmediata - Sense4U\",\"isPartOf\":{\"@id\":\"https:\/\/sserrano.santcugatesn.com\/#website\"},\"datePublished\":\"2025-12-17T10:37:17+00:00\",\"dateModified\":\"2025-12-25T17:08:34+00:00\",\"description\":\"Contacta con nosotros f\u00e1cilmente a trav\u00e9s de nuestro formulario. Descubre nuestra informaci\u00f3n de contacto y formulario aqu\u00ed.\",\"breadcrumb\":{\"@id\":\"https:\/\/sserrano.santcugatesn.com\/index.php\/contacto\/#breadcrumb\"},\"inLanguage\":\"es\",\"potentialAction\":[{\"@type\":\"ReadAction\",\"target\":[\"https:\/\/sserrano.santcugatesn.com\/index.php\/contacto\/\"]}]},{\"@type\":\"BreadcrumbList\",\"@id\":\"https:\/\/sserrano.santcugatesn.com\/index.php\/contacto\/#breadcrumb\",\"itemListElement\":[{\"@type\":\"ListItem\",\"position\":1,\"name\":\"Home\",\"item\":\"https:\/\/sserrano.santcugatesn.com\/\"},{\"@type\":\"ListItem\",\"position\":2,\"name\":\"Contacto\"}]},{\"@type\":\"WebSite\",\"@id\":\"https:\/\/sserrano.santcugatesn.com\/#website\",\"url\":\"https:\/\/sserrano.santcugatesn.com\/\",\"name\":\"Sense4U\",\"description\":\"\",\"publisher\":{\"@id\":\"https:\/\/sserrano.santcugatesn.com\/#organization\"},\"potentialAction\":[{\"@type\":\"SearchAction\",\"target\":{\"@type\":\"EntryPoint\",\"urlTemplate\":\"https:\/\/sserrano.santcugatesn.com\/?s={search_term_string}\"},\"query-input\":{\"@type\":\"PropertyValueSpecification\",\"valueRequired\":true,\"valueName\":\"search_term_string\"}}],\"inLanguage\":\"es\"},{\"@type\":\"Organization\",\"@id\":\"https:\/\/sserrano.santcugatesn.com\/#organization\",\"name\":\"Sense4U\",\"url\":\"https:\/\/sserrano.santcugatesn.com\/\",\"logo\":{\"@type\":\"ImageObject\",\"inLanguage\":\"es\",\"@id\":\"https:\/\/sserrano.santcugatesn.com\/#\/schema\/logo\/image\/\",\"url\":\"https:\/\/sserrano.santcugatesn.com\/wp-content\/uploads\/2025\/12\/cropped-Diseno-sin-titulo-3.png\",\"contentUrl\":\"https:\/\/sserrano.santcugatesn.com\/wp-content\/uploads\/2025\/12\/cropped-Diseno-sin-titulo-3.png\",\"width\":195,\"height\":57,\"caption\":\"Sense4U\"},\"image\":{\"@id\":\"https:\/\/sserrano.santcugatesn.com\/#\/schema\/logo\/image\/\"}}]}<\/script>\n<!-- \/ Yoast SEO plugin. -->","yoast_head_json":{"title":"Contacto y Formulario para asistencia inmediata - Sense4U","description":"Contacta con nosotros f\u00e1cilmente a trav\u00e9s de nuestro formulario. Descubre nuestra informaci\u00f3n de contacto y formulario aqu\u00ed.","robots":{"index":"index","follow":"follow","max-snippet":"max-snippet:-1","max-image-preview":"max-image-preview:large","max-video-preview":"max-video-preview:-1"},"canonical":"https:\/\/sserrano.santcugatesn.com\/index.php\/contacto\/","og_locale":"es_ES","og_type":"article","og_title":"Contacto y Formulario para asistencia inmediata - Sense4U","og_description":"Contacta con nosotros f\u00e1cilmente a trav\u00e9s de nuestro formulario. Descubre nuestra informaci\u00f3n de contacto y formulario aqu\u00ed.","og_url":"https:\/\/sserrano.santcugatesn.com\/index.php\/contacto\/","og_site_name":"Sense4U","article_modified_time":"2025-12-25T17:08:34+00:00","twitter_card":"summary_large_image","twitter_misc":{"Tiempo de lectura":"1 minuto"},"schema":{"@context":"https:\/\/schema.org","@graph":[{"@type":"WebPage","@id":"https:\/\/sserrano.santcugatesn.com\/index.php\/contacto\/","url":"https:\/\/sserrano.santcugatesn.com\/index.php\/contacto\/","name":"Contacto y Formulario para asistencia inmediata - Sense4U","isPartOf":{"@id":"https:\/\/sserrano.santcugatesn.com\/#website"},"datePublished":"2025-12-17T10:37:17+00:00","dateModified":"2025-12-25T17:08:34+00:00","description":"Contacta con nosotros f\u00e1cilmente a trav\u00e9s de nuestro formulario. Descubre nuestra informaci\u00f3n de contacto y formulario aqu\u00ed.","breadcrumb":{"@id":"https:\/\/sserrano.santcugatesn.com\/index.php\/contacto\/#breadcrumb"},"inLanguage":"es","potentialAction":[{"@type":"ReadAction","target":["https:\/\/sserrano.santcugatesn.com\/index.php\/contacto\/"]}]},{"@type":"BreadcrumbList","@id":"https:\/\/sserrano.santcugatesn.com\/index.php\/contacto\/#breadcrumb","itemListElement":[{"@type":"ListItem","position":1,"name":"Home","item":"https:\/\/sserrano.santcugatesn.com\/"},{"@type":"ListItem","position":2,"name":"Contacto"}]},{"@type":"WebSite","@id":"https:\/\/sserrano.santcugatesn.com\/#website","url":"https:\/\/sserrano.santcugatesn.com\/","name":"Sense4U","description":"","publisher":{"@id":"https:\/\/sserrano.santcugatesn.com\/#organization"},"potentialAction":[{"@type":"SearchAction","target":{"@type":"EntryPoint","urlTemplate":"https:\/\/sserrano.santcugatesn.com\/?s={search_term_string}"},"query-input":{"@type":"PropertyValueSpecification","valueRequired":true,"valueName":"search_term_string"}}],"inLanguage":"es"},{"@type":"Organization","@id":"https:\/\/sserrano.santcugatesn.com\/#organization","name":"Sense4U","url":"https:\/\/sserrano.santcugatesn.com\/","logo":{"@type":"ImageObject","inLanguage":"es","@id":"https:\/\/sserrano.santcugatesn.com\/#\/schema\/logo\/image\/","url":"https:\/\/sserrano.santcugatesn.com\/wp-content\/uploads\/2025\/12\/cropped-Diseno-sin-titulo-3.png","contentUrl":"https:\/\/sserrano.santcugatesn.com\/wp-content\/uploads\/2025\/12\/cropped-Diseno-sin-titulo-3.png","width":195,"height":57,"caption":"Sense4U"},"image":{"@id":"https:\/\/sserrano.santcugatesn.com\/#\/schema\/logo\/image\/"}}]}},"jetpack_sharing_enabled":true,"_links":{"self":[{"href":"https:\/\/sserrano.santcugatesn.com\/index.php\/wp-json\/wp\/v2\/pages\/539","targetHints":{"allow":["GET"]}}],"collection":[{"href":"https:\/\/sserrano.santcugatesn.com\/index.php\/wp-json\/wp\/v2\/pages"}],"about":[{"href":"https:\/\/sserrano.santcugatesn.com\/index.php\/wp-json\/wp\/v2\/types\/page"}],"author":[{"embeddable":true,"href":"https:\/\/sserrano.santcugatesn.com\/index.php\/wp-json\/wp\/v2\/users\/1"}],"replies":[{"embeddable":true,"href":"https:\/\/sserrano.santcugatesn.com\/index.php\/wp-json\/wp\/v2\/comments?post=539"}],"version-history":[{"count":10,"href":"https:\/\/sserrano.santcugatesn.com\/index.php\/wp-json\/wp\/v2\/pages\/539\/revisions"}],"predecessor-version":[{"id":629,"href":"https:\/\/sserrano.santcugatesn.com\/index.php\/wp-json\/wp\/v2\/pages\/539\/revisions\/629"}],"wp:attachment":[{"href":"https:\/\/sserrano.santcugatesn.com\/index.php\/wp-json\/wp\/v2\/media?parent=539"}],"curies":[{"name":"wp","href":"https:\/\/api.w.org\/{rel}","templated":true}]}}