{"id":3,"date":"2025-09-30T15:52:14","date_gmt":"2025-09-30T15:52:14","guid":{"rendered":"https:\/\/sserrano.santcugatesn.com\/?page_id=3"},"modified":"2025-12-25T15:50:12","modified_gmt":"2025-12-25T15:50:12","slug":"privacy-policy","status":"publish","type":"page","link":"https:\/\/sserrano.santcugatesn.com\/index.php\/privacy-policy\/","title":{"rendered":"Pol\u00edtica de Privacidad de Sense4U: Recogida y Uso de Datos"},"content":{"rendered":"\t\t<div data-elementor-type=\"wp-page\" data-elementor-id=\"3\" class=\"elementor elementor-3\" data-elementor-post-type=\"page\">\n\t\t\t\t\t\t<section class=\"elementor-section elementor-top-section elementor-element elementor-element-f451747 elementor-section-boxed elementor-section-height-default elementor-section-height-default\" data-id=\"f451747\" data-element_type=\"section\" data-settings=\"{&quot;background_background&quot;:&quot;classic&quot;}\">\n\t\t\t\t\t\t<div class=\"elementor-container elementor-column-gap-default\">\n\t\t\t\t\t<div class=\"elementor-column elementor-col-100 elementor-top-column elementor-element elementor-element-ab177f0\" data-id=\"ab177f0\" data-element_type=\"column\">\n\t\t\t<div class=\"elementor-widget-wrap\">\n\t\t\t\t\t\t\t<\/div>\n\t\t<\/div>\n\t\t\t\t\t<\/div>\n\t\t<\/section>\n\t\t<div class=\"elementor-element elementor-element-b218afc e-flex e-con-boxed e-con e-parent\" data-id=\"b218afc\" data-element_type=\"container\">\n\t\t\t\t\t<div class=\"e-con-inner\">\n\t\t\t\t<div class=\"elementor-element elementor-element-038ea95 elementor-widget elementor-widget-text-editor\" data-id=\"038ea95\" data-element_type=\"widget\" data-widget_type=\"text-editor.default\">\n\t\t\t\t\t\t\t\t\t<h3>Pol\u00edtica de Privacidad de SENSE4U<\/h3>\n<p id=\"poltica-de-privacidad\" class=\"wp-block-heading\">*Esta pol\u00edtica de privacidad explica c\u00f3mo se recogen, utilizan y protegen los datos personales de los usuarios que navegan por la web de Sense4U, realizan compras online o utilizan nuestros servicios.<\/p>\n<p><!-- \/wp:heading --><!-- wp:paragraph --><\/p>\n<p><!-- \/wp:paragraph --><!-- wp:heading --><\/p>\n<h4 class=\"wp-block-heading\">1. Responsable del tratamiento<\/h4>\n<p><!-- \/wp:heading --><!-- wp:paragraph --><\/p>\n<p>Responsable:\u00a0<strong>Sense4U<\/strong>\u00a0(en adelante, \u201cSense4U\u201d o \u201cla Empresa\u201d).<br \/>Direcci\u00f3n:\u00a0<strong>Calle Arnedo, 26, 03206 Elche, Alicante, Espa\u00f1a<\/strong>.<br \/>Tel\u00e9fono atenci\u00f3n al cliente:\u00a0<strong>+34 634 587 126<\/strong>.<br \/>Correo electr\u00f3nico de contacto:\u00a0<strong><a href=\"mailto:contacto@sense4u.com\" target=\"_blank\" rel=\"noreferrer noopener\">contacto@sense4u.com<\/a><\/strong>.<\/p>\n<p><!-- \/wp:paragraph --><!-- wp:heading --><\/p>\n<h4 class=\"wp-block-heading\">2. Datos que recogemos<\/h4>\n<p><!-- \/wp:heading --><!-- wp:paragraph --><\/p>\n<p>Podemos tratar las siguientes categor\u00edas de datos personales:<\/p>\n<p><!-- \/wp:paragraph --><!-- wp:list --><\/p>\n<ul class=\"wp-block-list\">\n<li style=\"list-style-type: none;\">\n<ul class=\"wp-block-list\"><!-- wp:list-item -->\n<li>Datos de identificaci\u00f3n: nombre y apellidos.<\/li>\n<\/ul>\n<\/li>\n<\/ul>\n<p><!-- \/wp:list-item --><!-- wp:list-item --><\/p>\n<ul class=\"wp-block-list\">\n<li style=\"list-style-type: none;\">\n<ul class=\"wp-block-list\">\n<li>Datos de contacto: correo electr\u00f3nico, tel\u00e9fono, direcci\u00f3n de env\u00edo y facturaci\u00f3n.<\/li>\n<\/ul>\n<\/li>\n<\/ul>\n<p><!-- \/wp:list-item --><!-- wp:list-item --><\/p>\n<ul class=\"wp-block-list\">\n<li style=\"list-style-type: none;\">\n<ul class=\"wp-block-list\">\n<li>Datos de cuenta: usuario y contrase\u00f1a de la zona \u201cMi cuenta\u201d, historial de pedidos.<\/li>\n<\/ul>\n<\/li>\n<\/ul>\n<p><!-- \/wp:list-item --><!-- wp:list-item --><\/p>\n<ul class=\"wp-block-list\">\n<li style=\"list-style-type: none;\">\n<ul class=\"wp-block-list\">\n<li>Datos de pago: datos necesarios para procesar el pago a trav\u00e9s de la pasarela correspondiente (Sense4U no almacena los datos completos de la tarjeta).<\/li>\n<\/ul>\n<\/li>\n<\/ul>\n<p><!-- \/wp:list-item --><!-- wp:list-item --><\/p>\n<ul class=\"wp-block-list\">\n<li style=\"list-style-type: none;\">\n<ul class=\"wp-block-list\">\n<li>Datos t\u00e9cnicos: direcci\u00f3n IP, identificadores del dispositivo, datos de navegaci\u00f3n en la web y en el \u00e1rea de \u201cMi cuenta\u201d mediante cookies o tecnolog\u00edas similares.<\/li>\n<\/ul>\n<\/li>\n<\/ul>\n<p><!-- \/wp:list-item --><!-- wp:list-item --><\/p>\n<ul class=\"wp-block-list\">\n<li style=\"list-style-type: none;\">\n<ul class=\"wp-block-list\">\n<li>Comunicaciones: consultas enviadas por email, formularios de contacto, incidencias y devoluciones.<\/li>\n<\/ul>\n<\/li>\n<\/ul>\n<p><!-- \/wp:list-item --><\/p>\n<p><!-- \/wp:list --><!-- wp:heading --><\/p>\n<h4 class=\"wp-block-heading\">3. Finalidades y base jur\u00eddica<\/h4>\n<p><!-- \/wp:heading --><!-- wp:paragraph --><\/p>\n<p>Tratamos tus datos para:<\/p>\n<p><!-- \/wp:paragraph --><!-- wp:list --><\/p>\n<ul class=\"wp-block-list\">\n<li style=\"list-style-type: none;\">\n<ul class=\"wp-block-list\"><!-- wp:list-item -->\n<li>Gestionar tu registro y acceso al \u00e1rea\u00a0<strong>\u201cMi cuenta\u201d<\/strong>\u00a0y otros servicios de la web (ejecuci\u00f3n del contrato).<\/li>\n<\/ul>\n<\/li>\n<\/ul>\n<p><!-- \/wp:list-item --><!-- wp:list-item --><\/p>\n<ul class=\"wp-block-list\">\n<li style=\"list-style-type: none;\">\n<ul class=\"wp-block-list\">\n<li>Tramitar tus pedidos online, cobros, env\u00edo del producto y atenci\u00f3n postventa (ejecuci\u00f3n del contrato).<\/li>\n<\/ul>\n<\/li>\n<\/ul>\n<p><!-- \/wp:list-item --><!-- wp:list-item --><\/p>\n<ul class=\"wp-block-list\">\n<li style=\"list-style-type: none;\">\n<ul class=\"wp-block-list\">\n<li>Atender consultas recibidas por tel\u00e9fono, email o formularios de contacto (inter\u00e9s leg\u00edtimo y\/o ejecuci\u00f3n del contrato).<\/li>\n<\/ul>\n<\/li>\n<\/ul>\n<p><!-- \/wp:list-item --><!-- wp:list-item --><\/p>\n<ul class=\"wp-block-list\">\n<li style=\"list-style-type: none;\">\n<ul class=\"wp-block-list\">\n<li>Enviar comunicaciones legales o de servicio, como cambios en condiciones, avisos de seguridad o informaci\u00f3n sobre el estado del pedido (inter\u00e9s leg\u00edtimo\/obligaci\u00f3n legal).<\/li>\n<\/ul>\n<\/li>\n<\/ul>\n<p><!-- \/wp:list-item --><!-- wp:list-item --><\/p>\n<ul class=\"wp-block-list\">\n<li style=\"list-style-type: none;\">\n<ul class=\"wp-block-list\">\n<li>Enviar comunicaciones comerciales por medios electr\u00f3nicos cuando hayas dado tu consentimiento expreso (consentimiento).<\/li>\n<\/ul>\n<\/li>\n<\/ul>\n<p><!-- \/wp:list-item --><!-- wp:list-item --><\/p>\n<ul class=\"wp-block-list\">\n<li style=\"list-style-type: none;\">\n<ul class=\"wp-block-list\">\n<li>Realizar an\u00e1lisis internos y estad\u00edsticas agregadas para mejorar la web y nuestros servicios (inter\u00e9s leg\u00edtimo).<\/li>\n<\/ul>\n<\/li>\n<\/ul>\n<p><!-- \/wp:list-item --><!-- wp:list-item --><\/p>\n<ul class=\"wp-block-list\">\n<li style=\"list-style-type: none;\">\n<ul class=\"wp-block-list\">\n<li>Cumplir nuestras obligaciones legales en materia fiscal, contable, de consumo y de protecci\u00f3n de datos (obligaci\u00f3n legal).<\/li>\n<\/ul>\n<\/li>\n<\/ul>\n<p><!-- \/wp:list-item --><\/p>\n<p><!-- \/wp:list --><!-- wp:heading --><\/p>\n<h4 class=\"wp-block-heading\">4. Plazos de conservaci\u00f3n<\/h4>\n<p><!-- \/wp:heading --><!-- wp:list --><\/p>\n<ul class=\"wp-block-list\">\n<li style=\"list-style-type: none;\">\n<ul class=\"wp-block-list\"><!-- wp:list-item -->\n<li>Los datos asociados a tu cuenta y a tus pedidos se conservan mientras mantengas una relaci\u00f3n con Sense4U y, una vez finalizada, durante los plazos legalmente exigidos para atender posibles responsabilidades.<\/li>\n<\/ul>\n<\/li>\n<\/ul>\n<p><!-- \/wp:list-item --><!-- wp:list-item --><\/p>\n<ul class=\"wp-block-list\">\n<li style=\"list-style-type: none;\">\n<ul class=\"wp-block-list\">\n<li>Los datos tratados con fines comerciales se conservar\u00e1n mientras no retires tu consentimiento u oposici\u00f3n.<\/li>\n<\/ul>\n<\/li>\n<\/ul>\n<p><!-- \/wp:list-item --><\/p>\n<p><!-- \/wp:list --><!-- wp:heading --><\/p>\n<h4 class=\"wp-block-heading\">5. Destinatarios y encargados<\/h4>\n<p><!-- \/wp:heading --><!-- wp:paragraph --><\/p>\n<p>Podemos comunicar datos a:<\/p>\n<p><!-- \/wp:paragraph --><!-- wp:list --><\/p>\n<ul class=\"wp-block-list\">\n<li style=\"list-style-type: none;\">\n<ul class=\"wp-block-list\"><!-- wp:list-item -->\n<li>Proveedores de hosting, mantenimiento web y servicios tecnol\u00f3gicos.<\/li>\n<\/ul>\n<\/li>\n<\/ul>\n<p><!-- \/wp:list-item --><!-- wp:list-item --><\/p>\n<ul class=\"wp-block-list\">\n<li style=\"list-style-type: none;\">\n<ul class=\"wp-block-list\">\n<li>Pasarelas de pago y entidades financieras para gestionar cobros.<\/li>\n<\/ul>\n<\/li>\n<\/ul>\n<p><!-- \/wp:list-item --><!-- wp:list-item --><\/p>\n<ul class=\"wp-block-list\">\n<li style=\"list-style-type: none;\">\n<ul class=\"wp-block-list\">\n<li>Empresas de transporte y log\u00edstica para entregar los pedidos.<\/li>\n<\/ul>\n<\/li>\n<\/ul>\n<p><!-- \/wp:list-item --><!-- wp:list-item --><\/p>\n<ul class=\"wp-block-list\">\n<li style=\"list-style-type: none;\">\n<ul class=\"wp-block-list\">\n<li>Proveedores de servicios de anal\u00edtica y marketing digital, bajo contratos de encargo de tratamiento.<\/li>\n<\/ul>\n<\/li>\n<\/ul>\n<p><!-- \/wp:list-item --><!-- wp:list-item --><\/p>\n<ul class=\"wp-block-list\">\n<li style=\"list-style-type: none;\">\n<ul class=\"wp-block-list\">\n<li>Administraciones p\u00fablicas y autoridades cuando exista obligaci\u00f3n legal.<\/li>\n<\/ul>\n<\/li>\n<\/ul>\n<p><!-- \/wp:list-item --><\/p>\n<p><!-- \/wp:list --><!-- wp:paragraph --><\/p>\n<p>Estos terceros solo acceder\u00e1n a los datos para prestar el servicio correspondiente siguiendo instrucciones de Sense4U.<\/p>\n<p><!-- \/wp:paragraph --><!-- wp:heading --><\/p>\n<h4 class=\"wp-block-heading\">6. Transferencias internacionales<\/h4>\n<p><!-- \/wp:heading --><!-- wp:paragraph --><\/p>\n<p>Si alguno de nuestros proveedores presta servicios desde fuera del Espacio Econ\u00f3mico Europeo, se aplicar\u00e1n las garant\u00edas adecuadas (cl\u00e1usulas contractuales tipo u otros mecanismos reconocidos por el RGPD) para proteger tus datos.<\/p>\n<p><!-- \/wp:paragraph --><!-- wp:heading --><\/p>\n<h4 class=\"wp-block-heading\">7. Derechos de los usuarios<\/h4>\n<p><!-- \/wp:heading --><!-- wp:paragraph --><\/p>\n<p>Puedes ejercitar en cualquier momento los siguientes derechos:<\/p>\n<p><!-- \/wp:paragraph --><!-- wp:list --><\/p>\n<ul class=\"wp-block-list\">\n<li style=\"list-style-type: none;\">\n<ul class=\"wp-block-list\"><!-- wp:list-item -->\n<li>Acceso a tus datos personales.<\/li>\n<\/ul>\n<\/li>\n<\/ul>\n<p><!-- \/wp:list-item --><!-- wp:list-item --><\/p>\n<ul class=\"wp-block-list\">\n<li style=\"list-style-type: none;\">\n<ul class=\"wp-block-list\">\n<li>Rectificaci\u00f3n de datos inexactos o incompletos.<\/li>\n<\/ul>\n<\/li>\n<\/ul>\n<p><!-- \/wp:list-item --><!-- wp:list-item --><\/p>\n<ul class=\"wp-block-list\">\n<li style=\"list-style-type: none;\">\n<ul class=\"wp-block-list\">\n<li>Supresi\u00f3n de datos cuando ya no sean necesarios o retires tu consentimiento, en los casos previstos por la ley.<\/li>\n<\/ul>\n<\/li>\n<\/ul>\n<p><!-- \/wp:list-item --><!-- wp:list-item --><\/p>\n<ul class=\"wp-block-list\">\n<li style=\"list-style-type: none;\">\n<ul class=\"wp-block-list\">\n<li>Oposici\u00f3n al tratamiento, especialmente en relaci\u00f3n con el env\u00edo de comunicaciones comerciales.<\/li>\n<\/ul>\n<\/li>\n<\/ul>\n<p><!-- \/wp:list-item --><!-- wp:list-item --><\/p>\n<ul class=\"wp-block-list\">\n<li style=\"list-style-type: none;\">\n<ul class=\"wp-block-list\">\n<li>Limitaci\u00f3n del tratamiento en determinadas circunstancias.<\/li>\n<\/ul>\n<\/li>\n<\/ul>\n<p><!-- \/wp:list-item --><!-- wp:list-item --><\/p>\n<ul class=\"wp-block-list\">\n<li style=\"list-style-type: none;\">\n<ul class=\"wp-block-list\">\n<li>Portabilidad de tus datos cuando la base jur\u00eddica sea el consentimiento o un contrato y el tratamiento se realice por medios automatizados.<\/li>\n<\/ul>\n<\/li>\n<\/ul>\n<p><!-- \/wp:list-item --><!-- wp:list-item --><\/p>\n<ul class=\"wp-block-list\">\n<li style=\"list-style-type: none;\">\n<ul class=\"wp-block-list\">\n<li>Retirada del consentimiento en cualquier momento, sin efecto retroactivo.<\/li>\n<\/ul>\n<\/li>\n<\/ul>\n<p><!-- \/wp:list-item --><\/p>\n<p><!-- \/wp:list --><!-- wp:paragraph --><\/p>\n<p>Para ejercerlos, puedes escribir a\u00a0<strong><a href=\"mailto:contacto@sense4u.com\" target=\"_blank\" rel=\"noreferrer noopener\">contacto@sense4u.com<\/a><\/strong>\u00a0indicando \u201cProtecci\u00f3n de datos \u2013 Sense4U\u201d y, en su caso, adjuntando copia de un documento identificativo.<\/p>\n<p><!-- \/wp:paragraph --><!-- wp:paragraph --><\/p>\n<p>Tambi\u00e9n tienes derecho a presentar una reclamaci\u00f3n ante la\u00a0<strong>Agencia Espa\u00f1ola de Protecci\u00f3n de Datos (AEPD)<\/strong>\u00a0si consideras que se ha vulnerado tu derecho a la protecci\u00f3n de datos.<\/p>\n<p><!-- \/wp:paragraph --><!-- wp:heading --><\/p>\n<h4 class=\"wp-block-heading\">8. Seguridad<\/h4>\n<p><!-- \/wp:heading --><!-- wp:paragraph --><\/p>\n<p>Sense4U aplica medidas t\u00e9cnicas y organizativas apropiadas para proteger los datos personales frente a accesos no autorizados, p\u00e9rdida, alteraci\u00f3n o divulgaci\u00f3n, teniendo en cuenta el estado de la t\u00e9cnica y la naturaleza de los datos tratados.<\/p>\n<p><!-- \/wp:paragraph --><!-- wp:heading --><\/p>\n<h4 class=\"wp-block-heading\">9. Cookies<\/h4>\n<p><!-- \/wp:heading --><!-- wp:paragraph --><\/p>\n<p>La web utiliza cookies propias y de terceros con fines t\u00e9cnicos, de personalizaci\u00f3n, anal\u00edticos y, en su caso, publicitarios.<br \/>Puedes obtener informaci\u00f3n detallada sobre el uso de cookies, su finalidad y las opciones de configuraci\u00f3n en nuestra\u00a0<strong>Pol\u00edtica de Cookies<\/strong>, accesible en el pie de p\u00e1gina de la web.<\/p>\n<p><!-- \/wp:paragraph --><!-- wp:heading --><\/p>\n<h4 class=\"wp-block-heading\">10. Cambios en la pol\u00edtica<\/h4>\n<p><!-- \/wp:heading --><!-- wp:paragraph --><\/p>\n<p>Sense4U podr\u00e1 modificar esta Pol\u00edtica de Privacidad para adaptarla a novedades legales o cambios en el servicio. Se avisar\u00e1 en la propia web y, en su caso, mediante comunicaci\u00f3n a los usuarios registrados cuando las modificaciones sean relevantes.<\/p>\n<p><!-- \/wp:paragraph --><!-- wp:image {\"id\":102,\"sizeSlug\":\"full\",\"linkDestination\":\"none\"} --><\/p>\n<figure class=\"wp-block-image size-full\"><img decoding=\"async\" width=\"195\" height=\"57\" class=\"wp-image-102\" src=\"https:\/\/sserrano.santcugatesn.com\/wp-content\/uploads\/2025\/12\/cropped-Diseno-sin-titulo-3.png\" alt=\"\" \/><\/figure>\n<p><!-- \/wp:image --><!-- wp:paragraph --><\/p>\n<p><!-- \/wp:paragraph --><\/p>\t\t\t\t\t\t\t\t<\/div>\n\t\t\t\t\t<\/div>\n\t\t\t\t<\/div>\n\t\t\t\t<\/div>\n\t\t","protected":false},"excerpt":{"rendered":"<p>Pol\u00edtica de Privacidad *Esta pol\u00edtica de privacidad explica c\u00f3mo se recogen, utilizan y protegen los datos personales de los usuarios que navegan por la web de Sense4U, realizan compras online o utilizan nuestros servicios. 1. Responsable del tratamiento Responsable:\u00a0Sense4U\u00a0(en adelante, \u201cSense4U\u201d o \u201cla Empresa\u201d).Direcci\u00f3n:\u00a0Calle Arnedo, 26, 03206 Elche, Alicante, Espa\u00f1a.Tel\u00e9fono atenci\u00f3n al cliente:\u00a0+34 634 587 [&hellip;]<\/p>\n","protected":false},"author":1,"featured_media":0,"parent":0,"menu_order":0,"comment_status":"closed","ping_status":"open","template":"elementor_header_footer","meta":{"_joinchat":[],"footnotes":""},"class_list":["post-3","page","type-page","status-publish","hentry"],"yoast_head":"<!-- This site is optimized with the Yoast SEO plugin v26.6 - https:\/\/yoast.com\/wordpress\/plugins\/seo\/ -->\n<title>Pol\u00edtica de Privacidad y Protecci\u00f3n de Datos - Sense4U<\/title>\n<meta name=\"description\" content=\"Inf\u00f3rmate sobre la Pol\u00edtica de Privacidad de Sense4U. Aprende c\u00f3mo recopilamos y utilizamos tus datos personales de manera segura.\" \/>\n<meta name=\"robots\" content=\"index, follow, max-snippet:-1, max-image-preview:large, max-video-preview:-1\" \/>\n<link rel=\"canonical\" href=\"https:\/\/sserrano.santcugatesn.com\/index.php\/privacy-policy\/\" \/>\n<meta property=\"og:locale\" content=\"es_ES\" \/>\n<meta property=\"og:type\" content=\"article\" \/>\n<meta property=\"og:title\" content=\"Pol\u00edtica de Privacidad y Protecci\u00f3n de Datos - Sense4U\" \/>\n<meta property=\"og:description\" content=\"Inf\u00f3rmate sobre la Pol\u00edtica de Privacidad de Sense4U. Aprende c\u00f3mo recopilamos y utilizamos tus datos personales de manera segura.\" \/>\n<meta property=\"og:url\" content=\"https:\/\/sserrano.santcugatesn.com\/index.php\/privacy-policy\/\" \/>\n<meta property=\"og:site_name\" content=\"Sense4U\" \/>\n<meta property=\"article:modified_time\" content=\"2025-12-25T15:50:12+00:00\" \/>\n<meta property=\"og:image\" content=\"https:\/\/sserrano.santcugatesn.com\/wp-content\/uploads\/2025\/12\/cropped-Diseno-sin-titulo-3.png\" \/>\n<meta name=\"twitter:card\" content=\"summary_large_image\" \/>\n<meta name=\"twitter:label1\" content=\"Tiempo de lectura\" \/>\n\t<meta name=\"twitter:data1\" content=\"4 minutos\" \/>\n<script type=\"application\/ld+json\" class=\"yoast-schema-graph\">{\"@context\":\"https:\/\/schema.org\",\"@graph\":[{\"@type\":\"WebPage\",\"@id\":\"https:\/\/sserrano.santcugatesn.com\/index.php\/privacy-policy\/\",\"url\":\"https:\/\/sserrano.santcugatesn.com\/index.php\/privacy-policy\/\",\"name\":\"Pol\u00edtica de Privacidad y Protecci\u00f3n de Datos - Sense4U\",\"isPartOf\":{\"@id\":\"https:\/\/sserrano.santcugatesn.com\/#website\"},\"primaryImageOfPage\":{\"@id\":\"https:\/\/sserrano.santcugatesn.com\/index.php\/privacy-policy\/#primaryimage\"},\"image\":{\"@id\":\"https:\/\/sserrano.santcugatesn.com\/index.php\/privacy-policy\/#primaryimage\"},\"thumbnailUrl\":\"https:\/\/sserrano.santcugatesn.com\/wp-content\/uploads\/2025\/12\/cropped-Diseno-sin-titulo-3.png\",\"datePublished\":\"2025-09-30T15:52:14+00:00\",\"dateModified\":\"2025-12-25T15:50:12+00:00\",\"description\":\"Inf\u00f3rmate sobre la Pol\u00edtica de Privacidad de Sense4U. Aprende c\u00f3mo recopilamos y utilizamos tus datos personales de manera segura.\",\"breadcrumb\":{\"@id\":\"https:\/\/sserrano.santcugatesn.com\/index.php\/privacy-policy\/#breadcrumb\"},\"inLanguage\":\"es\",\"potentialAction\":[{\"@type\":\"ReadAction\",\"target\":[\"https:\/\/sserrano.santcugatesn.com\/index.php\/privacy-policy\/\"]}]},{\"@type\":\"ImageObject\",\"inLanguage\":\"es\",\"@id\":\"https:\/\/sserrano.santcugatesn.com\/index.php\/privacy-policy\/#primaryimage\",\"url\":\"https:\/\/sserrano.santcugatesn.com\/wp-content\/uploads\/2025\/12\/cropped-Diseno-sin-titulo-3.png\",\"contentUrl\":\"https:\/\/sserrano.santcugatesn.com\/wp-content\/uploads\/2025\/12\/cropped-Diseno-sin-titulo-3.png\",\"width\":195,\"height\":57},{\"@type\":\"BreadcrumbList\",\"@id\":\"https:\/\/sserrano.santcugatesn.com\/index.php\/privacy-policy\/#breadcrumb\",\"itemListElement\":[{\"@type\":\"ListItem\",\"position\":1,\"name\":\"Home\",\"item\":\"https:\/\/sserrano.santcugatesn.com\/\"},{\"@type\":\"ListItem\",\"position\":2,\"name\":\"Pol\u00edtica de Privacidad de Sense4U: Recogida y Uso de Datos\"}]},{\"@type\":\"WebSite\",\"@id\":\"https:\/\/sserrano.santcugatesn.com\/#website\",\"url\":\"https:\/\/sserrano.santcugatesn.com\/\",\"name\":\"Sense4U\",\"description\":\"\",\"publisher\":{\"@id\":\"https:\/\/sserrano.santcugatesn.com\/#organization\"},\"potentialAction\":[{\"@type\":\"SearchAction\",\"target\":{\"@type\":\"EntryPoint\",\"urlTemplate\":\"https:\/\/sserrano.santcugatesn.com\/?s={search_term_string}\"},\"query-input\":{\"@type\":\"PropertyValueSpecification\",\"valueRequired\":true,\"valueName\":\"search_term_string\"}}],\"inLanguage\":\"es\"},{\"@type\":\"Organization\",\"@id\":\"https:\/\/sserrano.santcugatesn.com\/#organization\",\"name\":\"Sense4U\",\"url\":\"https:\/\/sserrano.santcugatesn.com\/\",\"logo\":{\"@type\":\"ImageObject\",\"inLanguage\":\"es\",\"@id\":\"https:\/\/sserrano.santcugatesn.com\/#\/schema\/logo\/image\/\",\"url\":\"https:\/\/sserrano.santcugatesn.com\/wp-content\/uploads\/2025\/12\/cropped-Diseno-sin-titulo-3.png\",\"contentUrl\":\"https:\/\/sserrano.santcugatesn.com\/wp-content\/uploads\/2025\/12\/cropped-Diseno-sin-titulo-3.png\",\"width\":195,\"height\":57,\"caption\":\"Sense4U\"},\"image\":{\"@id\":\"https:\/\/sserrano.santcugatesn.com\/#\/schema\/logo\/image\/\"}}]}<\/script>\n<!-- \/ Yoast SEO plugin. -->","yoast_head_json":{"title":"Pol\u00edtica de Privacidad y Protecci\u00f3n de Datos - Sense4U","description":"Inf\u00f3rmate sobre la Pol\u00edtica de Privacidad de Sense4U. Aprende c\u00f3mo recopilamos y utilizamos tus datos personales de manera segura.","robots":{"index":"index","follow":"follow","max-snippet":"max-snippet:-1","max-image-preview":"max-image-preview:large","max-video-preview":"max-video-preview:-1"},"canonical":"https:\/\/sserrano.santcugatesn.com\/index.php\/privacy-policy\/","og_locale":"es_ES","og_type":"article","og_title":"Pol\u00edtica de Privacidad y Protecci\u00f3n de Datos - Sense4U","og_description":"Inf\u00f3rmate sobre la Pol\u00edtica de Privacidad de Sense4U. Aprende c\u00f3mo recopilamos y utilizamos tus datos personales de manera segura.","og_url":"https:\/\/sserrano.santcugatesn.com\/index.php\/privacy-policy\/","og_site_name":"Sense4U","article_modified_time":"2025-12-25T15:50:12+00:00","og_image":[{"url":"https:\/\/sserrano.santcugatesn.com\/wp-content\/uploads\/2025\/12\/cropped-Diseno-sin-titulo-3.png","type":"","width":"","height":""}],"twitter_card":"summary_large_image","twitter_misc":{"Tiempo de lectura":"4 minutos"},"schema":{"@context":"https:\/\/schema.org","@graph":[{"@type":"WebPage","@id":"https:\/\/sserrano.santcugatesn.com\/index.php\/privacy-policy\/","url":"https:\/\/sserrano.santcugatesn.com\/index.php\/privacy-policy\/","name":"Pol\u00edtica de Privacidad y Protecci\u00f3n de Datos - Sense4U","isPartOf":{"@id":"https:\/\/sserrano.santcugatesn.com\/#website"},"primaryImageOfPage":{"@id":"https:\/\/sserrano.santcugatesn.com\/index.php\/privacy-policy\/#primaryimage"},"image":{"@id":"https:\/\/sserrano.santcugatesn.com\/index.php\/privacy-policy\/#primaryimage"},"thumbnailUrl":"https:\/\/sserrano.santcugatesn.com\/wp-content\/uploads\/2025\/12\/cropped-Diseno-sin-titulo-3.png","datePublished":"2025-09-30T15:52:14+00:00","dateModified":"2025-12-25T15:50:12+00:00","description":"Inf\u00f3rmate sobre la Pol\u00edtica de Privacidad de Sense4U. Aprende c\u00f3mo recopilamos y utilizamos tus datos personales de manera segura.","breadcrumb":{"@id":"https:\/\/sserrano.santcugatesn.com\/index.php\/privacy-policy\/#breadcrumb"},"inLanguage":"es","potentialAction":[{"@type":"ReadAction","target":["https:\/\/sserrano.santcugatesn.com\/index.php\/privacy-policy\/"]}]},{"@type":"ImageObject","inLanguage":"es","@id":"https:\/\/sserrano.santcugatesn.com\/index.php\/privacy-policy\/#primaryimage","url":"https:\/\/sserrano.santcugatesn.com\/wp-content\/uploads\/2025\/12\/cropped-Diseno-sin-titulo-3.png","contentUrl":"https:\/\/sserrano.santcugatesn.com\/wp-content\/uploads\/2025\/12\/cropped-Diseno-sin-titulo-3.png","width":195,"height":57},{"@type":"BreadcrumbList","@id":"https:\/\/sserrano.santcugatesn.com\/index.php\/privacy-policy\/#breadcrumb","itemListElement":[{"@type":"ListItem","position":1,"name":"Home","item":"https:\/\/sserrano.santcugatesn.com\/"},{"@type":"ListItem","position":2,"name":"Pol\u00edtica de Privacidad de Sense4U: Recogida y Uso de Datos"}]},{"@type":"WebSite","@id":"https:\/\/sserrano.santcugatesn.com\/#website","url":"https:\/\/sserrano.santcugatesn.com\/","name":"Sense4U","description":"","publisher":{"@id":"https:\/\/sserrano.santcugatesn.com\/#organization"},"potentialAction":[{"@type":"SearchAction","target":{"@type":"EntryPoint","urlTemplate":"https:\/\/sserrano.santcugatesn.com\/?s={search_term_string}"},"query-input":{"@type":"PropertyValueSpecification","valueRequired":true,"valueName":"search_term_string"}}],"inLanguage":"es"},{"@type":"Organization","@id":"https:\/\/sserrano.santcugatesn.com\/#organization","name":"Sense4U","url":"https:\/\/sserrano.santcugatesn.com\/","logo":{"@type":"ImageObject","inLanguage":"es","@id":"https:\/\/sserrano.santcugatesn.com\/#\/schema\/logo\/image\/","url":"https:\/\/sserrano.santcugatesn.com\/wp-content\/uploads\/2025\/12\/cropped-Diseno-sin-titulo-3.png","contentUrl":"https:\/\/sserrano.santcugatesn.com\/wp-content\/uploads\/2025\/12\/cropped-Diseno-sin-titulo-3.png","width":195,"height":57,"caption":"Sense4U"},"image":{"@id":"https:\/\/sserrano.santcugatesn.com\/#\/schema\/logo\/image\/"}}]}},"jetpack_sharing_enabled":true,"_links":{"self":[{"href":"https:\/\/sserrano.santcugatesn.com\/index.php\/wp-json\/wp\/v2\/pages\/3","targetHints":{"allow":["GET"]}}],"collection":[{"href":"https:\/\/sserrano.santcugatesn.com\/index.php\/wp-json\/wp\/v2\/pages"}],"about":[{"href":"https:\/\/sserrano.santcugatesn.com\/index.php\/wp-json\/wp\/v2\/types\/page"}],"author":[{"embeddable":true,"href":"https:\/\/sserrano.santcugatesn.com\/index.php\/wp-json\/wp\/v2\/users\/1"}],"replies":[{"embeddable":true,"href":"https:\/\/sserrano.santcugatesn.com\/index.php\/wp-json\/wp\/v2\/comments?post=3"}],"version-history":[{"count":13,"href":"https:\/\/sserrano.santcugatesn.com\/index.php\/wp-json\/wp\/v2\/pages\/3\/revisions"}],"predecessor-version":[{"id":724,"href":"https:\/\/sserrano.santcugatesn.com\/index.php\/wp-json\/wp\/v2\/pages\/3\/revisions\/724"}],"wp:attachment":[{"href":"https:\/\/sserrano.santcugatesn.com\/index.php\/wp-json\/wp\/v2\/media?parent=3"}],"curies":[{"name":"wp","href":"https:\/\/api.w.org\/{rel}","templated":true}]}}